{"id":10,"date":"2008-10-30T20:48:36","date_gmt":"2008-10-30T18:48:36","guid":{"rendered":"http:\/\/www.lsrealisointi.fi\/content\/?page_id=10"},"modified":"2017-10-01T22:47:12","modified_gmt":"2017-10-01T20:47:12","slug":"yleista-huutokaupoista","status":"publish","type":"page","link":"https:\/\/www.lsrealisointi.fi\/content\/yleista-huutokaupoista\/","title":{"rendered":"Huutokauppas\u00e4\u00e4nn\u00f6t"},"content":{"rendered":"<ol>\n<li>Myyj\u00e4 pid\u00e4tt\u00e4\u00e4 oikeuden hyv\u00e4ksy\u00e4 tai hyl\u00e4t\u00e4 korkeimman tarjouksen.<\/li>\n<li>Alin tarjous on 5\u20ac. jonka j\u00e4lkeen korotus on 5\u20ac.<\/li>\n<li>Huutokaupan kohteet myyd\u00e4\u00e4n siin\u00e4 kunnossa kuin ne ovat myyntihetkell\u00e4.<\/li>\n<li>Vastuu kohteesta siirtyy nuijanly\u00f6nnin j\u00e4lkeen ostajalle.<\/li>\n<li>Omistusoikeus kohteeseen siirtyy vasta kun kohde on kokonaan maksettu.<\/li>\n<li>Tuote maksetaan kantajalle v\u00e4litt\u00f6m\u00e4sti huudon j\u00e4lkeen.<\/li>\n<li>Maksutapana&nbsp;k\u00e4teinen&nbsp;tai sirullinenpankki-\/luottokorttikortti.(Visa ja Mastercard)<\/li>\n<li>Huutokaupan kohteilla ei ole vaihto- eik\u00e4 palautusoikeutta.<\/li>\n<li>Tavarat on viet\u00e4v\u00e4 v\u00e4litt\u00f6m\u00e4sti pois edest\u00e4, vastuu kohteen h\u00e4vi\u00e4misest\u00e4 tai rikkoutumisesta on ostajalla.<\/li>\n<li>Huutokaupan p\u00e4\u00e4tytty\u00e4 on ostajien toimitettava kaikki tavarat pois huutokauppa-alueelta v\u00e4litt\u00f6m\u00e4sti tai sopimuksen mukaisesti<\/li>\n<li>Huutokaupan kohteet eiv\u00e4t sis\u00e4ll\u00e4 v\u00e4hennett\u00e4v\u00e4\u00e4 arvonlis\u00e4veroa (myyj\u00e4n\u00e4 konkurssipes\u00e4) ellei siit\u00e4 erikseen ilmoiteta.<\/li>\n<li>Suuremmissa huudoissa (yli 1000\u20ac) k\u00e4sirahaksi riitt\u00e4\u00e4 10% &#8211; 20%.<\/li>\n<\/ol>\n","protected":false},"excerpt":{"rendered":"<p>Myyj\u00e4 pid\u00e4tt\u00e4\u00e4 oikeuden hyv\u00e4ksy\u00e4 tai hyl\u00e4t\u00e4 korkeimman tarjouksen. Alin tarjous on 5\u20ac. jonka j\u00e4lkeen korotus on 5\u20ac. Huutokaupan kohteet myyd\u00e4\u00e4n siin\u00e4 kunnossa kuin ne ovat myyntihetkell\u00e4. Vastuu kohteesta siirtyy nuijanly\u00f6nnin j\u00e4lkeen ostajalle. Omistusoikeus kohteeseen siirtyy vasta kun kohde on kokonaan maksettu. Tuote maksetaan kantajalle v\u00e4litt\u00f6m\u00e4sti huudon j\u00e4lkeen. Maksutapana&nbsp;k\u00e4teinen&nbsp;tai sirullinenpankki-\/luottokorttikortti.(Visa ja Mastercard) Huutokaupan kohteilla ei ole [&hellip;]<\/p>\n","protected":false},"author":1,"featured_media":0,"parent":0,"menu_order":3,"comment_status":"closed","ping_status":"closed","template":"","meta":{"ngg_post_thumbnail":0},"_links":{"self":[{"href":"https:\/\/www.lsrealisointi.fi\/content\/wp-json\/wp\/v2\/pages\/10"}],"collection":[{"href":"https:\/\/www.lsrealisointi.fi\/content\/wp-json\/wp\/v2\/pages"}],"about":[{"href":"https:\/\/www.lsrealisointi.fi\/content\/wp-json\/wp\/v2\/types\/page"}],"author":[{"embeddable":true,"href":"https:\/\/www.lsrealisointi.fi\/content\/wp-json\/wp\/v2\/users\/1"}],"replies":[{"embeddable":true,"href":"https:\/\/www.lsrealisointi.fi\/content\/wp-json\/wp\/v2\/comments?post=10"}],"version-history":[{"count":0,"href":"https:\/\/www.lsrealisointi.fi\/content\/wp-json\/wp\/v2\/pages\/10\/revisions"}],"wp:attachment":[{"href":"https:\/\/www.lsrealisointi.fi\/content\/wp-json\/wp\/v2\/media?parent=10"}],"curies":[{"name":"wp","href":"https:\/\/api.w.org\/{rel}","templated":true}]}}